{"id":5993,"date":"2026-04-13T14:05:37","date_gmt":"2026-04-13T12:05:37","guid":{"rendered":"https:\/\/www.latitude21.re\/sun-days-offer"},"modified":"2026-04-13T14:05:37","modified_gmt":"2026-04-13T12:05:37","slug":"sun-days-offer","status":"publish","type":"page","link":"https:\/\/www.latitude21.re\/en\/sun-days-offer","title":{"rendered":"Sun Days Offer"},"content":{"rendered":"","protected":false},"excerpt":{"rendered":"","protected":false},"author":2,"featured_media":795,"parent":0,"menu_order":0,"comment_status":"closed","ping_status":"closed","template":"","meta":{"_acf_changed":false,"inline_featured_image":false,"_EventAllDay":false,"_EventTimezone":"","_EventStartDate":"","_EventEndDate":"","_EventStartDateUTC":"","_EventEndDateUTC":"","_EventShowMap":false,"_EventShowMapLink":false,"_EventURL":"","_EventCost":"","_EventCostDescription":"","_EventCurrencySymbol":"","_EventCurrencyCode":"","_EventCurrencyPosition":"","_EventDateTimeSeparator":"","_EventTimeRangeSeparator":"","_EventOrganizerID":[],"_EventVenueID":[],"_OrganizerEmail":"","_OrganizerPhone":"","_OrganizerWebsite":"","_VenueAddress":"","_VenueCity":"","_VenueCountry":"","_VenueProvince":"","_VenueState":"","_VenueZip":"","_VenuePhone":"","_VenueURL":"","_VenueStateProvince":"","_VenueLat":"","_VenueLng":"","_VenueShowMap":false,"_VenueShowMapLink":false,"footnotes":""},"class_list":["post-5993","page","type-page","status-publish","has-post-thumbnail","hentry"],"acf":[],"yoast_head":"<!-- This site is optimized with the Yoast SEO plugin v26.8 - https:\/\/yoast.com\/product\/yoast-seo-wordpress\/ -->\n<title>Sunny days in Saint-Gilles-les-Bains: swimming pool &amp; lunch<\/title>\n<meta name=\"description\" content=\"Treat yourself to a relaxing break in Saint-Gilles-les-Bains: access to the swimming pool from 10am\u20135:30pm, welcome cocktail, lunch at La Parenth\u00e8se and snacks.\" \/>\n<meta name=\"robots\" content=\"index, follow, max-snippet:-1, max-image-preview:large, max-video-preview:-1\" \/>\n<link rel=\"canonical\" href=\"https:\/\/www.latitude21.re\/en\/sun-days-offer\" \/>\n<meta property=\"og:locale\" content=\"en_US\" \/>\n<meta property=\"og:type\" content=\"article\" \/>\n<meta property=\"og:title\" content=\"Sunny days in Saint-Gilles-les-Bains: swimming pool &amp; lunch\" \/>\n<meta property=\"og:description\" content=\"Treat yourself to a relaxing break in Saint-Gilles-les-Bains: access to the swimming pool from 10am\u20135:30pm, welcome cocktail, lunch at La Parenth\u00e8se and snacks.\" \/>\n<meta property=\"og:url\" content=\"https:\/\/www.latitude21.re\/en\/sun-days-offer\" \/>\n<meta property=\"og:site_name\" content=\"H\u00f4tel Latitude21\" \/>\n<meta property=\"article:publisher\" content=\"https:\/\/www.facebook.com\/HotelLatitude21\" \/>\n<meta property=\"og:image\" content=\"https:\/\/www.latitude21.re\/wp-content\/uploads\/2022\/05\/Hotel-Avec-Piscine-Saint-Gilles-Les-Bains-Ile-La-Reunion-Latitude-21.jpg\" \/>\n\t<meta property=\"og:image:width\" content=\"800\" \/>\n\t<meta property=\"og:image:height\" content=\"874\" \/>\n\t<meta property=\"og:image:type\" content=\"image\/jpeg\" \/>\n<meta name=\"twitter:card\" content=\"summary_large_image\" \/>\n<!-- \/ Yoast SEO plugin. -->","yoast_head_json":{"title":"Sunny days in Saint-Gilles-les-Bains: swimming pool & lunch","description":"Treat yourself to a relaxing break in Saint-Gilles-les-Bains: access to the swimming pool from 10am\u20135:30pm, welcome cocktail, lunch at La Parenth\u00e8se and snacks.","robots":{"index":"index","follow":"follow","max-snippet":"max-snippet:-1","max-image-preview":"max-image-preview:large","max-video-preview":"max-video-preview:-1"},"canonical":"https:\/\/www.latitude21.re\/en\/sun-days-offer","og_locale":"en_US","og_type":"article","og_title":"Sunny days in Saint-Gilles-les-Bains: swimming pool & lunch","og_description":"Treat yourself to a relaxing break in Saint-Gilles-les-Bains: access to the swimming pool from 10am\u20135:30pm, welcome cocktail, lunch at La Parenth\u00e8se and snacks.","og_url":"https:\/\/www.latitude21.re\/en\/sun-days-offer","og_site_name":"H\u00f4tel Latitude21","article_publisher":"https:\/\/www.facebook.com\/HotelLatitude21","og_image":[{"width":800,"height":874,"url":"https:\/\/www.latitude21.re\/wp-content\/uploads\/2022\/05\/Hotel-Avec-Piscine-Saint-Gilles-Les-Bains-Ile-La-Reunion-Latitude-21.jpg","type":"image\/jpeg"}],"twitter_card":"summary_large_image","schema":{"@context":"https:\/\/schema.org","@graph":[{"@type":"WebPage","@id":"https:\/\/www.latitude21.re\/en\/sun-days-offer","url":"https:\/\/www.latitude21.re\/en\/sun-days-offer","name":"Sunny days in Saint-Gilles-les-Bains: swimming pool & lunch","isPartOf":{"@id":"https:\/\/www.latitude21.re\/en#website"},"primaryImageOfPage":{"@id":"https:\/\/www.latitude21.re\/en\/sun-days-offer#primaryimage"},"image":{"@id":"https:\/\/www.latitude21.re\/en\/sun-days-offer#primaryimage"},"thumbnailUrl":"https:\/\/www.latitude21.re\/wp-content\/uploads\/2022\/05\/Hotel-Avec-Piscine-Saint-Gilles-Les-Bains-Ile-La-Reunion-Latitude-21.jpg","datePublished":"2026-04-13T12:05:37+00:00","description":"Treat yourself to a relaxing break in Saint-Gilles-les-Bains: access to the swimming pool from 10am\u20135:30pm, welcome cocktail, lunch at La Parenth\u00e8se and snacks.","breadcrumb":{"@id":"https:\/\/www.latitude21.re\/en\/sun-days-offer#breadcrumb"},"inLanguage":"en-US","potentialAction":[{"@type":"ReadAction","target":["https:\/\/www.latitude21.re\/en\/sun-days-offer"]}]},{"@type":"ImageObject","inLanguage":"en-US","@id":"https:\/\/www.latitude21.re\/en\/sun-days-offer#primaryimage","url":"https:\/\/www.latitude21.re\/wp-content\/uploads\/2022\/05\/Hotel-Avec-Piscine-Saint-Gilles-Les-Bains-Ile-La-Reunion-Latitude-21.jpg","contentUrl":"https:\/\/www.latitude21.re\/wp-content\/uploads\/2022\/05\/Hotel-Avec-Piscine-Saint-Gilles-Les-Bains-Ile-La-Reunion-Latitude-21.jpg","width":800,"height":874,"caption":"Hotel-With-Swimming-pool-Saint-Gilles-Les-Bains-Ile-La-Reunion-Latitude-21"},{"@type":"BreadcrumbList","@id":"https:\/\/www.latitude21.re\/en\/sun-days-offer#breadcrumb","itemListElement":[{"@type":"ListItem","position":1,"name":"Accueil","item":"https:\/\/www.latitude21.re\/en"},{"@type":"ListItem","position":2,"name":"Sun Days Offer"}]},{"@type":"WebSite","@id":"https:\/\/www.latitude21.re\/en#website","url":"https:\/\/www.latitude21.re\/en","name":"H\u00f4tel Latitude21","description":"H\u00f4tel Saint Gilles La R\u00e9union","publisher":{"@id":"https:\/\/www.latitude21.re\/en#organization"},"potentialAction":[{"@type":"SearchAction","target":{"@type":"EntryPoint","urlTemplate":"https:\/\/www.latitude21.re\/en?s={search_term_string}"},"query-input":{"@type":"PropertyValueSpecification","valueRequired":true,"valueName":"search_term_string"}}],"inLanguage":"en-US"},{"@type":"Organization","@id":"https:\/\/www.latitude21.re\/en#organization","name":"Latitude 21","url":"https:\/\/www.latitude21.re\/en","logo":{"@type":"ImageObject","inLanguage":"en-US","@id":"https:\/\/www.latitude21.re\/en#\/schema\/logo\/image\/","url":"https:\/\/www.latitude21.re\/wp-content\/uploads\/2022\/06\/Logo_Latitude-21.jpg","contentUrl":"https:\/\/www.latitude21.re\/wp-content\/uploads\/2022\/06\/Logo_Latitude-21.jpg","width":549,"height":281,"caption":"Latitude 21"},"image":{"@id":"https:\/\/www.latitude21.re\/en#\/schema\/logo\/image\/"},"sameAs":["https:\/\/www.facebook.com\/HotelLatitude21","https:\/\/www.instagram.com\/hotel.latitude21\/"]}]}},"_links":{"self":[{"href":"https:\/\/www.latitude21.re\/en\/wp-json\/wp\/v2\/pages\/5993","targetHints":{"allow":["GET"]}}],"collection":[{"href":"https:\/\/www.latitude21.re\/en\/wp-json\/wp\/v2\/pages"}],"about":[{"href":"https:\/\/www.latitude21.re\/en\/wp-json\/wp\/v2\/types\/page"}],"author":[{"embeddable":true,"href":"https:\/\/www.latitude21.re\/en\/wp-json\/wp\/v2\/users\/2"}],"replies":[{"embeddable":true,"href":"https:\/\/www.latitude21.re\/en\/wp-json\/wp\/v2\/comments?post=5993"}],"version-history":[{"count":0,"href":"https:\/\/www.latitude21.re\/en\/wp-json\/wp\/v2\/pages\/5993\/revisions"}],"wp:featuredmedia":[{"embeddable":true,"href":"https:\/\/www.latitude21.re\/en\/wp-json\/wp\/v2\/media\/795"}],"wp:attachment":[{"href":"https:\/\/www.latitude21.re\/en\/wp-json\/wp\/v2\/media?parent=5993"}],"curies":[{"name":"wp","href":"https:\/\/api.w.org\/{rel}","templated":true}]}}