{"id":5994,"date":"2026-04-13T14:06:08","date_gmt":"2026-04-13T12:06:08","guid":{"rendered":"https:\/\/www.latitude21.re\/honeymoon-offer"},"modified":"2026-04-13T14:06:08","modified_gmt":"2026-04-13T12:06:08","slug":"honeymoon-offer","status":"publish","type":"page","link":"https:\/\/www.latitude21.re\/en\/honeymoon-offer","title":{"rendered":"Honeymoon Offer"},"content":{"rendered":"","protected":false},"excerpt":{"rendered":"","protected":false},"author":2,"featured_media":2148,"parent":0,"menu_order":0,"comment_status":"closed","ping_status":"closed","template":"","meta":{"_acf_changed":false,"inline_featured_image":false,"_EventAllDay":false,"_EventTimezone":"","_EventStartDate":"","_EventEndDate":"","_EventStartDateUTC":"","_EventEndDateUTC":"","_EventShowMap":false,"_EventShowMapLink":false,"_EventURL":"","_EventCost":"","_EventCostDescription":"","_EventCurrencySymbol":"","_EventCurrencyCode":"","_EventCurrencyPosition":"","_EventDateTimeSeparator":"","_EventTimeRangeSeparator":"","_EventOrganizerID":[],"_EventVenueID":[],"_OrganizerEmail":"","_OrganizerPhone":"","_OrganizerWebsite":"","_VenueAddress":"","_VenueCity":"","_VenueCountry":"","_VenueProvince":"","_VenueState":"","_VenueZip":"","_VenuePhone":"","_VenueURL":"","_VenueStateProvince":"","_VenueLat":"","_VenueLng":"","_VenueShowMap":false,"_VenueShowMapLink":false,"footnotes":""},"class_list":["post-5994","page","type-page","status-publish","has-post-thumbnail","hentry"],"acf":[],"yoast_head":"<!-- This site is optimized with the Yoast SEO plugin v26.8 - https:\/\/yoast.com\/product\/yoast-seo-wordpress\/ -->\n<title>Honeymoon Offer in Saint-Gilles-les-Bains | Hotel Latitude 21<\/title>\n<meta name=\"description\" content=\"Treat yourself to a romantic getaway in Saint-Gilles-les-Bains: intimate setting, ocean view, thoughtful touches in the room and moments for two.\" \/>\n<meta name=\"robots\" content=\"index, follow, max-snippet:-1, max-image-preview:large, max-video-preview:-1\" \/>\n<link rel=\"canonical\" href=\"https:\/\/www.latitude21.re\/en\/honeymoon-offer\" \/>\n<meta property=\"og:locale\" content=\"en_US\" \/>\n<meta property=\"og:type\" content=\"article\" \/>\n<meta property=\"og:title\" content=\"Honeymoon Offer in Saint-Gilles-les-Bains | Hotel Latitude 21\" \/>\n<meta property=\"og:description\" content=\"Treat yourself to a romantic getaway in Saint-Gilles-les-Bains: intimate setting, ocean view, thoughtful touches in the room and moments for two.\" \/>\n<meta property=\"og:url\" content=\"https:\/\/www.latitude21.re\/en\/honeymoon-offer\" \/>\n<meta property=\"og:site_name\" content=\"H\u00f4tel Latitude21\" \/>\n<meta property=\"article:publisher\" content=\"https:\/\/www.facebook.com\/HotelLatitude21\" \/>\n<meta property=\"og:image\" content=\"https:\/\/www.latitude21.re\/wp-content\/uploads\/2023\/11\/lune-miel-saint-gilles-les-bains.jpg\" \/>\n\t<meta property=\"og:image:width\" content=\"1280\" \/>\n\t<meta property=\"og:image:height\" content=\"854\" \/>\n\t<meta property=\"og:image:type\" content=\"image\/jpeg\" \/>\n<meta name=\"twitter:card\" content=\"summary_large_image\" \/>\n<!-- \/ Yoast SEO plugin. -->","yoast_head_json":{"title":"Honeymoon Offer in Saint-Gilles-les-Bains | Hotel Latitude 21","description":"Treat yourself to a romantic getaway in Saint-Gilles-les-Bains: intimate setting, ocean view, thoughtful touches in the room and moments for two.","robots":{"index":"index","follow":"follow","max-snippet":"max-snippet:-1","max-image-preview":"max-image-preview:large","max-video-preview":"max-video-preview:-1"},"canonical":"https:\/\/www.latitude21.re\/en\/honeymoon-offer","og_locale":"en_US","og_type":"article","og_title":"Honeymoon Offer in Saint-Gilles-les-Bains | Hotel Latitude 21","og_description":"Treat yourself to a romantic getaway in Saint-Gilles-les-Bains: intimate setting, ocean view, thoughtful touches in the room and moments for two.","og_url":"https:\/\/www.latitude21.re\/en\/honeymoon-offer","og_site_name":"H\u00f4tel Latitude21","article_publisher":"https:\/\/www.facebook.com\/HotelLatitude21","og_image":[{"width":1280,"height":854,"url":"https:\/\/www.latitude21.re\/wp-content\/uploads\/2023\/11\/lune-miel-saint-gilles-les-bains.jpg","type":"image\/jpeg"}],"twitter_card":"summary_large_image","schema":{"@context":"https:\/\/schema.org","@graph":[{"@type":"WebPage","@id":"https:\/\/www.latitude21.re\/en\/honeymoon-offer","url":"https:\/\/www.latitude21.re\/en\/honeymoon-offer","name":"Honeymoon Offer in Saint-Gilles-les-Bains | Hotel Latitude 21","isPartOf":{"@id":"https:\/\/www.latitude21.re\/en#website"},"primaryImageOfPage":{"@id":"https:\/\/www.latitude21.re\/en\/honeymoon-offer#primaryimage"},"image":{"@id":"https:\/\/www.latitude21.re\/en\/honeymoon-offer#primaryimage"},"thumbnailUrl":"https:\/\/www.latitude21.re\/wp-content\/uploads\/2023\/11\/lune-miel-saint-gilles-les-bains.jpg","datePublished":"2026-04-13T12:06:08+00:00","description":"Treat yourself to a romantic getaway in Saint-Gilles-les-Bains: intimate setting, ocean view, thoughtful touches in the room and moments for two.","breadcrumb":{"@id":"https:\/\/www.latitude21.re\/en\/honeymoon-offer#breadcrumb"},"inLanguage":"en-US","potentialAction":[{"@type":"ReadAction","target":["https:\/\/www.latitude21.re\/en\/honeymoon-offer"]}]},{"@type":"ImageObject","inLanguage":"en-US","@id":"https:\/\/www.latitude21.re\/en\/honeymoon-offer#primaryimage","url":"https:\/\/www.latitude21.re\/wp-content\/uploads\/2023\/11\/lune-miel-saint-gilles-les-bains.jpg","contentUrl":"https:\/\/www.latitude21.re\/wp-content\/uploads\/2023\/11\/lune-miel-saint-gilles-les-bains.jpg","width":1280,"height":854,"caption":"Lune de miel \u00e0 Saint-Gilles-les-Bains | Latitude 21"},{"@type":"BreadcrumbList","@id":"https:\/\/www.latitude21.re\/en\/honeymoon-offer#breadcrumb","itemListElement":[{"@type":"ListItem","position":1,"name":"Accueil","item":"https:\/\/www.latitude21.re\/en"},{"@type":"ListItem","position":2,"name":"Honeymoon Offer"}]},{"@type":"WebSite","@id":"https:\/\/www.latitude21.re\/en#website","url":"https:\/\/www.latitude21.re\/en","name":"H\u00f4tel Latitude21","description":"H\u00f4tel Saint Gilles La R\u00e9union","publisher":{"@id":"https:\/\/www.latitude21.re\/en#organization"},"potentialAction":[{"@type":"SearchAction","target":{"@type":"EntryPoint","urlTemplate":"https:\/\/www.latitude21.re\/en?s={search_term_string}"},"query-input":{"@type":"PropertyValueSpecification","valueRequired":true,"valueName":"search_term_string"}}],"inLanguage":"en-US"},{"@type":"Organization","@id":"https:\/\/www.latitude21.re\/en#organization","name":"Latitude 21","url":"https:\/\/www.latitude21.re\/en","logo":{"@type":"ImageObject","inLanguage":"en-US","@id":"https:\/\/www.latitude21.re\/en#\/schema\/logo\/image\/","url":"https:\/\/www.latitude21.re\/wp-content\/uploads\/2022\/06\/Logo_Latitude-21.jpg","contentUrl":"https:\/\/www.latitude21.re\/wp-content\/uploads\/2022\/06\/Logo_Latitude-21.jpg","width":549,"height":281,"caption":"Latitude 21"},"image":{"@id":"https:\/\/www.latitude21.re\/en#\/schema\/logo\/image\/"},"sameAs":["https:\/\/www.facebook.com\/HotelLatitude21","https:\/\/www.instagram.com\/hotel.latitude21\/"]}]}},"_links":{"self":[{"href":"https:\/\/www.latitude21.re\/en\/wp-json\/wp\/v2\/pages\/5994","targetHints":{"allow":["GET"]}}],"collection":[{"href":"https:\/\/www.latitude21.re\/en\/wp-json\/wp\/v2\/pages"}],"about":[{"href":"https:\/\/www.latitude21.re\/en\/wp-json\/wp\/v2\/types\/page"}],"author":[{"embeddable":true,"href":"https:\/\/www.latitude21.re\/en\/wp-json\/wp\/v2\/users\/2"}],"replies":[{"embeddable":true,"href":"https:\/\/www.latitude21.re\/en\/wp-json\/wp\/v2\/comments?post=5994"}],"version-history":[{"count":0,"href":"https:\/\/www.latitude21.re\/en\/wp-json\/wp\/v2\/pages\/5994\/revisions"}],"wp:featuredmedia":[{"embeddable":true,"href":"https:\/\/www.latitude21.re\/en\/wp-json\/wp\/v2\/media\/2148"}],"wp:attachment":[{"href":"https:\/\/www.latitude21.re\/en\/wp-json\/wp\/v2\/media?parent=5994"}],"curies":[{"name":"wp","href":"https:\/\/api.w.org\/{rel}","templated":true}]}}