{"id":5995,"date":"2026-04-13T14:06:30","date_gmt":"2026-04-13T12:06:30","guid":{"rendered":"https:\/\/www.latitude21.re\/long-stay-offer"},"modified":"2026-04-13T14:37:05","modified_gmt":"2026-04-13T12:37:05","slug":"long-stay-offer","status":"publish","type":"page","link":"https:\/\/www.latitude21.re\/en\/long-stay-offer","title":{"rendered":"Long Stay Offer"},"content":{"rendered":"","protected":false},"excerpt":{"rendered":"","protected":false},"author":2,"featured_media":2081,"parent":0,"menu_order":0,"comment_status":"closed","ping_status":"closed","template":"","meta":{"_acf_changed":false,"inline_featured_image":false,"_EventAllDay":false,"_EventTimezone":"","_EventStartDate":"","_EventEndDate":"","_EventStartDateUTC":"","_EventEndDateUTC":"","_EventShowMap":false,"_EventShowMapLink":false,"_EventURL":"","_EventCost":"","_EventCostDescription":"","_EventCurrencySymbol":"","_EventCurrencyCode":"","_EventCurrencyPosition":"","_EventDateTimeSeparator":"","_EventTimeRangeSeparator":"","_EventOrganizerID":[],"_EventVenueID":[],"_OrganizerEmail":"","_OrganizerPhone":"","_OrganizerWebsite":"","_VenueAddress":"","_VenueCity":"","_VenueCountry":"","_VenueProvince":"","_VenueState":"","_VenueZip":"","_VenuePhone":"","_VenueURL":"","_VenueStateProvince":"","_VenueLat":"","_VenueLng":"","_VenueShowMap":false,"_VenueShowMapLink":false,"footnotes":""},"class_list":["post-5995","page","type-page","status-publish","has-post-thumbnail","hentry"],"acf":[],"yoast_head":"<!-- This site is optimized with the Yoast SEO plugin v26.8 - https:\/\/yoast.com\/product\/yoast-seo-wordpress\/ -->\n<title>Long Stay Offer | Hotel Latitude 21 Saint-Gilles-les-Bains<\/title>\n<meta name=\"description\" content=\"Take advantage of our Long Stay Offer: -10% on accommodation for stays of 6 consecutive nights or more. Hotel Latitude 21 in Saint-Gilles-les-Bains, R\u00e9union.\" \/>\n<meta name=\"robots\" content=\"index, follow, max-snippet:-1, max-image-preview:large, max-video-preview:-1\" \/>\n<link rel=\"canonical\" href=\"https:\/\/www.latitude21.re\/en\/long-stay-offer\" \/>\n<meta property=\"og:locale\" content=\"en_US\" \/>\n<meta property=\"og:type\" content=\"article\" \/>\n<meta property=\"og:title\" content=\"Long Stay Offer | Hotel Latitude 21 Saint-Gilles-les-Bains\" \/>\n<meta property=\"og:description\" content=\"Take advantage of our Long Stay Offer: -10% on accommodation for stays of 6 consecutive nights or more. Hotel Latitude 21 in Saint-Gilles-les-Bains, R\u00e9union.\" \/>\n<meta property=\"og:url\" content=\"https:\/\/www.latitude21.re\/en\/long-stay-offer\" \/>\n<meta property=\"og:site_name\" content=\"H\u00f4tel Latitude21\" \/>\n<meta property=\"article:publisher\" content=\"https:\/\/www.facebook.com\/HotelLatitude21\" \/>\n<meta property=\"article:modified_time\" content=\"2026-04-13T12:37:05+00:00\" \/>\n<meta property=\"og:image\" content=\"https:\/\/www.latitude21.re\/wp-content\/uploads\/2023\/09\/quel-hotel-choisir-la-reunion.jpg\" \/>\n\t<meta property=\"og:image:width\" content=\"1200\" \/>\n\t<meta property=\"og:image:height\" content=\"800\" \/>\n\t<meta property=\"og:image:type\" content=\"image\/jpeg\" \/>\n<meta name=\"twitter:card\" content=\"summary_large_image\" \/>\n<!-- \/ Yoast SEO plugin. -->","yoast_head_json":{"title":"Long Stay Offer | Hotel Latitude 21 Saint-Gilles-les-Bains","description":"Take advantage of our Long Stay Offer: -10% on accommodation for stays of 6 consecutive nights or more. Hotel Latitude 21 in Saint-Gilles-les-Bains, R\u00e9union.","robots":{"index":"index","follow":"follow","max-snippet":"max-snippet:-1","max-image-preview":"max-image-preview:large","max-video-preview":"max-video-preview:-1"},"canonical":"https:\/\/www.latitude21.re\/en\/long-stay-offer","og_locale":"en_US","og_type":"article","og_title":"Long Stay Offer | Hotel Latitude 21 Saint-Gilles-les-Bains","og_description":"Take advantage of our Long Stay Offer: -10% on accommodation for stays of 6 consecutive nights or more. Hotel Latitude 21 in Saint-Gilles-les-Bains, R\u00e9union.","og_url":"https:\/\/www.latitude21.re\/en\/long-stay-offer","og_site_name":"H\u00f4tel Latitude21","article_publisher":"https:\/\/www.facebook.com\/HotelLatitude21","article_modified_time":"2026-04-13T12:37:05+00:00","og_image":[{"width":1200,"height":800,"url":"https:\/\/www.latitude21.re\/wp-content\/uploads\/2023\/09\/quel-hotel-choisir-la-reunion.jpg","type":"image\/jpeg"}],"twitter_card":"summary_large_image","schema":{"@context":"https:\/\/schema.org","@graph":[{"@type":"WebPage","@id":"https:\/\/www.latitude21.re\/en\/long-stay-offer","url":"https:\/\/www.latitude21.re\/en\/long-stay-offer","name":"Long Stay Offer | Hotel Latitude 21 Saint-Gilles-les-Bains","isPartOf":{"@id":"https:\/\/www.latitude21.re\/en#website"},"primaryImageOfPage":{"@id":"https:\/\/www.latitude21.re\/en\/long-stay-offer#primaryimage"},"image":{"@id":"https:\/\/www.latitude21.re\/en\/long-stay-offer#primaryimage"},"thumbnailUrl":"https:\/\/www.latitude21.re\/wp-content\/uploads\/2023\/09\/quel-hotel-choisir-la-reunion.jpg","datePublished":"2026-04-13T12:06:30+00:00","dateModified":"2026-04-13T12:37:05+00:00","description":"Take advantage of our Long Stay Offer: -10% on accommodation for stays of 6 consecutive nights or more. Hotel Latitude 21 in Saint-Gilles-les-Bains, R\u00e9union.","breadcrumb":{"@id":"https:\/\/www.latitude21.re\/en\/long-stay-offer#breadcrumb"},"inLanguage":"en-US","potentialAction":[{"@type":"ReadAction","target":["https:\/\/www.latitude21.re\/en\/long-stay-offer"]}]},{"@type":"ImageObject","inLanguage":"en-US","@id":"https:\/\/www.latitude21.re\/en\/long-stay-offer#primaryimage","url":"https:\/\/www.latitude21.re\/wp-content\/uploads\/2023\/09\/quel-hotel-choisir-la-reunion.jpg","contentUrl":"https:\/\/www.latitude21.re\/wp-content\/uploads\/2023\/09\/quel-hotel-choisir-la-reunion.jpg","width":1200,"height":800,"caption":"Quel h\u00f4tel choisir \u00e0 La R\u00e9union | Latitude 21"},{"@type":"BreadcrumbList","@id":"https:\/\/www.latitude21.re\/en\/long-stay-offer#breadcrumb","itemListElement":[{"@type":"ListItem","position":1,"name":"Accueil","item":"https:\/\/www.latitude21.re\/en"},{"@type":"ListItem","position":2,"name":"Long Stay Offer"}]},{"@type":"WebSite","@id":"https:\/\/www.latitude21.re\/en#website","url":"https:\/\/www.latitude21.re\/en","name":"H\u00f4tel Latitude21","description":"H\u00f4tel Saint Gilles La R\u00e9union","publisher":{"@id":"https:\/\/www.latitude21.re\/en#organization"},"potentialAction":[{"@type":"SearchAction","target":{"@type":"EntryPoint","urlTemplate":"https:\/\/www.latitude21.re\/en?s={search_term_string}"},"query-input":{"@type":"PropertyValueSpecification","valueRequired":true,"valueName":"search_term_string"}}],"inLanguage":"en-US"},{"@type":"Organization","@id":"https:\/\/www.latitude21.re\/en#organization","name":"Latitude 21","url":"https:\/\/www.latitude21.re\/en","logo":{"@type":"ImageObject","inLanguage":"en-US","@id":"https:\/\/www.latitude21.re\/en#\/schema\/logo\/image\/","url":"https:\/\/www.latitude21.re\/wp-content\/uploads\/2022\/06\/Logo_Latitude-21.jpg","contentUrl":"https:\/\/www.latitude21.re\/wp-content\/uploads\/2022\/06\/Logo_Latitude-21.jpg","width":549,"height":281,"caption":"Latitude 21"},"image":{"@id":"https:\/\/www.latitude21.re\/en#\/schema\/logo\/image\/"},"sameAs":["https:\/\/www.facebook.com\/HotelLatitude21","https:\/\/www.instagram.com\/hotel.latitude21\/"]}]}},"_links":{"self":[{"href":"https:\/\/www.latitude21.re\/en\/wp-json\/wp\/v2\/pages\/5995","targetHints":{"allow":["GET"]}}],"collection":[{"href":"https:\/\/www.latitude21.re\/en\/wp-json\/wp\/v2\/pages"}],"about":[{"href":"https:\/\/www.latitude21.re\/en\/wp-json\/wp\/v2\/types\/page"}],"author":[{"embeddable":true,"href":"https:\/\/www.latitude21.re\/en\/wp-json\/wp\/v2\/users\/2"}],"replies":[{"embeddable":true,"href":"https:\/\/www.latitude21.re\/en\/wp-json\/wp\/v2\/comments?post=5995"}],"version-history":[{"count":1,"href":"https:\/\/www.latitude21.re\/en\/wp-json\/wp\/v2\/pages\/5995\/revisions"}],"predecessor-version":[{"id":6002,"href":"https:\/\/www.latitude21.re\/en\/wp-json\/wp\/v2\/pages\/5995\/revisions\/6002"}],"wp:featuredmedia":[{"embeddable":true,"href":"https:\/\/www.latitude21.re\/en\/wp-json\/wp\/v2\/media\/2081"}],"wp:attachment":[{"href":"https:\/\/www.latitude21.re\/en\/wp-json\/wp\/v2\/media?parent=5995"}],"curies":[{"name":"wp","href":"https:\/\/api.w.org\/{rel}","templated":true}]}}