{"id":920,"date":"2022-06-01T11:50:41","date_gmt":"2022-06-01T09:50:41","guid":{"rendered":"https:\/\/www.latitude21.re\/sitemap\/"},"modified":"2025-04-17T11:22:35","modified_gmt":"2025-04-17T09:22:35","slug":"sitemap","status":"publish","type":"page","link":"https:\/\/www.latitude21.re\/en\/sitemap","title":{"rendered":"Sitemap"},"content":{"rendered":"<ul id=\"utilityNav\"><li id=\"menu-item-85\" class=\"menu-item-85\"><a href=\"https:\/\/www.latitude21.re\/conditions-generales-vente\">Conditions G\u00e9n\u00e9rales de Vente<\/a><\/li>\n<li id=\"menu-item-86\" class=\"menu-item-86\"><a rel=\"privacy-policy\" href=\"https:\/\/www.latitude21.re\/conditions-generales-utilisation\">CGU<\/a><\/li>\n<li id=\"menu-item-84\" class=\"menu-item-84\"><a href=\"https:\/\/www.latitude21.re\/mentions-legales\">Mentions l\u00e9gales<\/a><\/li>\n<li id=\"menu-item-83\" class=\"menu-item-83\"><a href=\"https:\/\/www.latitude21.re\/plan-du-site\">Plan du site<\/a><\/li>\n<\/ul><ul id=\"primaryNav\" class=\"col8\"><li id=\"home\"><a href=\"https:\/\/www.latitude21.re\">H\u00f4tel Latitude21<\/a><\/li><li id=\"menu-item-51\" class=\"menu-item-51\"><a href=\"https:\/\/www.latitude21.re\/accueil\">Accueil<\/a><\/li>\n<li id=\"menu-item-53\" class=\"menu-item-53\"><a href=\"https:\/\/www.latitude21.re\/chambre-climatisee-saint-gilles-les-bains\">Chambres<\/a>\n<ul class=\"sub-menu\">\n\t<li id=\"menu-item-990\" class=\"menu-item-990\"><a href=\"https:\/\/www.latitude21.re\/chambre\/hotel-bord-de-mer-saint-gilles-les-bains\">Chambre Standard<\/a><\/li>\n\t<li id=\"menu-item-3135\" class=\"menu-item-3135\"><a href=\"https:\/\/www.latitude21.re\/chambre\/chambre-vue-ocean\">Chambre vue oc\u00e9an<\/a><\/li>\n\t<li id=\"menu-item-1121\" class=\"menu-item-1121\"><a href=\"https:\/\/www.latitude21.re\/chambre\/double-superieure-saint-gilles-les-bains\">Chambre Sup\u00e9rieure<\/a><\/li>\n<\/ul>\n<\/li>\n<li id=\"menu-item-57\" class=\"menu-item-57\"><a href=\"https:\/\/www.latitude21.re\/restaurant-saint-gilles-les-bains-reunion\">Restaurant<\/a><\/li>\n<li id=\"menu-item-457\" class=\"menu-item-457\"><a href=\"https:\/\/www.latitude21.re\/bar-saint-gilles-les-bains-terrasse-piscine\">Bar<\/a><\/li>\n<li id=\"menu-item-877\" class=\"menu-item-877\"><a href=\"https:\/\/www.latitude21.re\/salle-seminaire-saint-gilles-les-bains\">S\u00e9minaires<\/a><\/li>\n<li id=\"menu-item-5944\" class=\"menu-item-5944\"><a href=\"https:\/\/www.latitude21.re\/offre-journees-soleil\">Journ\u00e9es Soleil<\/a><\/li>\n<li id=\"menu-item-5943\" class=\"menu-item-5943\"><a href=\"https:\/\/www.latitude21.re\/nos-offres\">Offres<\/a><\/li>\n<li id=\"menu-item-1617\" class=\"menu-item-1617\"><a href=\"https:\/\/www.latitude21.re\/evenements\/\">Agenda<\/a><\/li>\n<li id=\"menu-item-52\" class=\"menu-item-52\"><a href=\"https:\/\/www.latitude21.re\/contacter-hotel-saint-gilles-reunion\">Acc\u00e8s\/Contact<\/a><\/li>\n<\/ul>\n","protected":false},"excerpt":{"rendered":"","protected":false},"author":1,"featured_media":0,"parent":0,"menu_order":0,"comment_status":"closed","ping_status":"closed","template":"","meta":{"_acf_changed":false,"inline_featured_image":false,"_EventAllDay":false,"_EventTimezone":"","_EventStartDate":"","_EventEndDate":"","_EventStartDateUTC":"","_EventEndDateUTC":"","_EventShowMap":false,"_EventShowMapLink":false,"_EventURL":"","_EventCost":"","_EventCostDescription":"","_EventCurrencySymbol":"","_EventCurrencyCode":"","_EventCurrencyPosition":"","_EventDateTimeSeparator":"","_EventTimeRangeSeparator":"","_EventOrganizerID":[],"_EventVenueID":[],"_OrganizerEmail":"","_OrganizerPhone":"","_OrganizerWebsite":"","_VenueAddress":"","_VenueCity":"","_VenueCountry":"","_VenueProvince":"","_VenueState":"","_VenueZip":"","_VenuePhone":"","_VenueURL":"","_VenueStateProvince":"","_VenueLat":"","_VenueLng":"","_VenueShowMap":false,"_VenueShowMapLink":false,"footnotes":""},"class_list":["post-920","page","type-page","status-publish","hentry"],"acf":[],"yoast_head":"<!-- This site is optimized with the Yoast SEO plugin v26.8 - https:\/\/yoast.com\/product\/yoast-seo-wordpress\/ -->\n<title>Sitemap - H\u00f4tel Latitude21<\/title>\n<meta name=\"description\" content=\"Thanks to this page, discover the structure of our website and navigate easily through our different sections.\" \/>\n<meta name=\"robots\" content=\"index, follow, max-snippet:-1, max-image-preview:large, max-video-preview:-1\" \/>\n<link rel=\"canonical\" href=\"https:\/\/www.latitude21.re\/en\/sitemap\" \/>\n<meta property=\"og:locale\" content=\"en_US\" \/>\n<meta property=\"og:type\" content=\"article\" \/>\n<meta property=\"og:title\" content=\"Sitemap - H\u00f4tel Latitude21\" \/>\n<meta property=\"og:description\" content=\"Thanks to this page, discover the structure of our website and navigate easily through our different sections.\" \/>\n<meta property=\"og:url\" content=\"https:\/\/www.latitude21.re\/en\/sitemap\" \/>\n<meta property=\"og:site_name\" content=\"H\u00f4tel Latitude21\" \/>\n<meta property=\"article:publisher\" content=\"https:\/\/www.facebook.com\/HotelLatitude21\" \/>\n<meta property=\"article:modified_time\" content=\"2025-04-17T09:22:35+00:00\" \/>\n<meta name=\"twitter:card\" content=\"summary_large_image\" \/>\n<!-- \/ Yoast SEO plugin. -->","yoast_head_json":{"title":"Sitemap - H\u00f4tel Latitude21","description":"Thanks to this page, discover the structure of our website and navigate easily through our different sections.","robots":{"index":"index","follow":"follow","max-snippet":"max-snippet:-1","max-image-preview":"max-image-preview:large","max-video-preview":"max-video-preview:-1"},"canonical":"https:\/\/www.latitude21.re\/en\/sitemap","og_locale":"en_US","og_type":"article","og_title":"Sitemap - H\u00f4tel Latitude21","og_description":"Thanks to this page, discover the structure of our website and navigate easily through our different sections.","og_url":"https:\/\/www.latitude21.re\/en\/sitemap","og_site_name":"H\u00f4tel Latitude21","article_publisher":"https:\/\/www.facebook.com\/HotelLatitude21","article_modified_time":"2025-04-17T09:22:35+00:00","twitter_card":"summary_large_image","schema":{"@context":"https:\/\/schema.org","@graph":[{"@type":"WebPage","@id":"https:\/\/www.latitude21.re\/en\/sitemap","url":"https:\/\/www.latitude21.re\/en\/sitemap","name":"Sitemap - H\u00f4tel Latitude21","isPartOf":{"@id":"https:\/\/www.latitude21.re\/en#website"},"datePublished":"2022-06-01T09:50:41+00:00","dateModified":"2025-04-17T09:22:35+00:00","description":"Thanks to this page, discover the structure of our website and navigate easily through our different sections.","breadcrumb":{"@id":"https:\/\/www.latitude21.re\/en\/sitemap#breadcrumb"},"inLanguage":"en-US","potentialAction":[{"@type":"ReadAction","target":["https:\/\/www.latitude21.re\/en\/sitemap"]}]},{"@type":"BreadcrumbList","@id":"https:\/\/www.latitude21.re\/en\/sitemap#breadcrumb","itemListElement":[{"@type":"ListItem","position":1,"name":"Accueil","item":"https:\/\/www.latitude21.re\/en"},{"@type":"ListItem","position":2,"name":"Sitemap"}]},{"@type":"WebSite","@id":"https:\/\/www.latitude21.re\/en#website","url":"https:\/\/www.latitude21.re\/en","name":"H\u00f4tel Latitude21","description":"H\u00f4tel Saint Gilles La R\u00e9union","publisher":{"@id":"https:\/\/www.latitude21.re\/en#organization"},"potentialAction":[{"@type":"SearchAction","target":{"@type":"EntryPoint","urlTemplate":"https:\/\/www.latitude21.re\/en?s={search_term_string}"},"query-input":{"@type":"PropertyValueSpecification","valueRequired":true,"valueName":"search_term_string"}}],"inLanguage":"en-US"},{"@type":"Organization","@id":"https:\/\/www.latitude21.re\/en#organization","name":"Latitude 21","url":"https:\/\/www.latitude21.re\/en","logo":{"@type":"ImageObject","inLanguage":"en-US","@id":"https:\/\/www.latitude21.re\/en#\/schema\/logo\/image\/","url":"https:\/\/www.latitude21.re\/wp-content\/uploads\/2022\/06\/Logo_Latitude-21.jpg","contentUrl":"https:\/\/www.latitude21.re\/wp-content\/uploads\/2022\/06\/Logo_Latitude-21.jpg","width":549,"height":281,"caption":"Latitude 21"},"image":{"@id":"https:\/\/www.latitude21.re\/en#\/schema\/logo\/image\/"},"sameAs":["https:\/\/www.facebook.com\/HotelLatitude21","https:\/\/www.instagram.com\/hotel.latitude21\/"]}]}},"_links":{"self":[{"href":"https:\/\/www.latitude21.re\/en\/wp-json\/wp\/v2\/pages\/920","targetHints":{"allow":["GET"]}}],"collection":[{"href":"https:\/\/www.latitude21.re\/en\/wp-json\/wp\/v2\/pages"}],"about":[{"href":"https:\/\/www.latitude21.re\/en\/wp-json\/wp\/v2\/types\/page"}],"author":[{"embeddable":true,"href":"https:\/\/www.latitude21.re\/en\/wp-json\/wp\/v2\/users\/1"}],"replies":[{"embeddable":true,"href":"https:\/\/www.latitude21.re\/en\/wp-json\/wp\/v2\/comments?post=920"}],"version-history":[{"count":1,"href":"https:\/\/www.latitude21.re\/en\/wp-json\/wp\/v2\/pages\/920\/revisions"}],"predecessor-version":[{"id":4342,"href":"https:\/\/www.latitude21.re\/en\/wp-json\/wp\/v2\/pages\/920\/revisions\/4342"}],"wp:attachment":[{"href":"https:\/\/www.latitude21.re\/en\/wp-json\/wp\/v2\/media?parent=920"}],"curies":[{"name":"wp","href":"https:\/\/api.w.org\/{rel}","templated":true}]}}