{"id":921,"date":"2022-06-01T11:50:41","date_gmt":"2022-06-01T09:50:41","guid":{"rendered":"https:\/\/www.latitude21.re\/restaurant-copy\/"},"modified":"2022-06-01T11:50:41","modified_gmt":"2022-06-01T09:50:41","slug":"restaurant-copy","status":"publish","type":"page","link":"https:\/\/www.latitude21.re\/en\/restaurant-copy","title":{"rendered":"restaurant copy"},"content":{"rendered":"","protected":false},"excerpt":{"rendered":"","protected":false},"author":1,"featured_media":839,"parent":0,"menu_order":0,"comment_status":"closed","ping_status":"closed","template":"template-parts\/tpl-restaurant.php","meta":{"_acf_changed":false,"inline_featured_image":false,"_EventAllDay":false,"_EventTimezone":"","_EventStartDate":"","_EventEndDate":"","_EventStartDateUTC":"","_EventEndDateUTC":"","_EventShowMap":false,"_EventShowMapLink":false,"_EventURL":"","_EventCost":"","_EventCostDescription":"","_EventCurrencySymbol":"","_EventCurrencyCode":"","_EventCurrencyPosition":"","_EventDateTimeSeparator":"","_EventTimeRangeSeparator":"","_EventOrganizerID":[],"_EventVenueID":[],"_OrganizerEmail":"","_OrganizerPhone":"","_OrganizerWebsite":"","_VenueAddress":"","_VenueCity":"","_VenueCountry":"","_VenueProvince":"","_VenueState":"","_VenueZip":"","_VenuePhone":"","_VenueURL":"","_VenueStateProvince":"","_VenueLat":"","_VenueLng":"","_VenueShowMap":false,"_VenueShowMapLink":false,"footnotes":""},"class_list":["post-921","page","type-page","status-publish","has-post-thumbnail","hentry"],"acf":[],"yoast_head":"<!-- This site is optimized with the Yoast SEO plugin v26.8 - https:\/\/yoast.com\/product\/yoast-seo-wordpress\/ -->\n<title>Hotel restaurant in Saint-Gilles - La Parenth\u00e8se | Latitude 21<\/title>\n<meta name=\"description\" content=\"Discover Creole culinary marvels in a hotel restaurant in Saint-Gilles in Reunion. The Latitude 21 is waiting for you!\" \/>\n<meta name=\"robots\" content=\"index, follow, max-snippet:-1, max-image-preview:large, max-video-preview:-1\" \/>\n<link rel=\"canonical\" href=\"https:\/\/www.latitude21.re\/en\/restaurant-copy\" \/>\n<meta property=\"og:locale\" content=\"en_US\" \/>\n<meta property=\"og:type\" content=\"article\" \/>\n<meta property=\"og:title\" content=\"Hotel restaurant in Saint-Gilles - La Parenth\u00e8se | Latitude 21\" \/>\n<meta property=\"og:description\" content=\"Discover Creole culinary marvels in a hotel restaurant in Saint-Gilles in Reunion. The Latitude 21 is waiting for you!\" \/>\n<meta property=\"og:url\" content=\"https:\/\/www.latitude21.re\/en\/restaurant-copy\" \/>\n<meta property=\"og:site_name\" content=\"H\u00f4tel Latitude21\" \/>\n<meta property=\"article:publisher\" content=\"https:\/\/www.facebook.com\/HotelLatitude21\" \/>\n<meta property=\"og:image\" content=\"https:\/\/www.latitude21.re\/wp-content\/uploads\/2022\/05\/Restaurant-Evenement-Saint-Gilles-Les-Bains-Ile-La-Reunion-La-Parenthese.jpg\" \/>\n\t<meta property=\"og:image:width\" content=\"1200\" \/>\n\t<meta property=\"og:image:height\" content=\"675\" \/>\n\t<meta property=\"og:image:type\" content=\"image\/jpeg\" \/>\n<meta name=\"twitter:card\" content=\"summary_large_image\" \/>\n<!-- \/ Yoast SEO plugin. -->","yoast_head_json":{"title":"Hotel restaurant in Saint-Gilles - La Parenth\u00e8se | Latitude 21","description":"Discover Creole culinary marvels in a hotel restaurant in Saint-Gilles in Reunion. The Latitude 21 is waiting for you!","robots":{"index":"index","follow":"follow","max-snippet":"max-snippet:-1","max-image-preview":"max-image-preview:large","max-video-preview":"max-video-preview:-1"},"canonical":"https:\/\/www.latitude21.re\/en\/restaurant-copy","og_locale":"en_US","og_type":"article","og_title":"Hotel restaurant in Saint-Gilles - La Parenth\u00e8se | Latitude 21","og_description":"Discover Creole culinary marvels in a hotel restaurant in Saint-Gilles in Reunion. The Latitude 21 is waiting for you!","og_url":"https:\/\/www.latitude21.re\/en\/restaurant-copy","og_site_name":"H\u00f4tel Latitude21","article_publisher":"https:\/\/www.facebook.com\/HotelLatitude21","og_image":[{"width":1200,"height":675,"url":"https:\/\/www.latitude21.re\/wp-content\/uploads\/2022\/05\/Restaurant-Evenement-Saint-Gilles-Les-Bains-Ile-La-Reunion-La-Parenthese.jpg","type":"image\/jpeg"}],"twitter_card":"summary_large_image","schema":{"@context":"https:\/\/schema.org","@graph":[{"@type":"WebPage","@id":"https:\/\/www.latitude21.re\/en\/restaurant-copy","url":"https:\/\/www.latitude21.re\/en\/restaurant-copy","name":"Hotel restaurant in Saint-Gilles - La Parenth\u00e8se | Latitude 21","isPartOf":{"@id":"https:\/\/www.latitude21.re\/en#website"},"primaryImageOfPage":{"@id":"https:\/\/www.latitude21.re\/en\/restaurant-copy#primaryimage"},"image":{"@id":"https:\/\/www.latitude21.re\/en\/restaurant-copy#primaryimage"},"thumbnailUrl":"https:\/\/www.latitude21.re\/wp-content\/uploads\/2022\/05\/Restaurant-Evenement-Saint-Gilles-Les-Bains-Ile-La-Reunion-La-Parenthese.jpg","datePublished":"2022-06-01T09:50:41+00:00","description":"Discover Creole culinary marvels in a hotel restaurant in Saint-Gilles in Reunion. The Latitude 21 is waiting for you!","breadcrumb":{"@id":"https:\/\/www.latitude21.re\/en\/restaurant-copy#breadcrumb"},"inLanguage":"en-US","potentialAction":[{"@type":"ReadAction","target":["https:\/\/www.latitude21.re\/en\/restaurant-copy"]}]},{"@type":"ImageObject","inLanguage":"en-US","@id":"https:\/\/www.latitude21.re\/en\/restaurant-copy#primaryimage","url":"https:\/\/www.latitude21.re\/wp-content\/uploads\/2022\/05\/Restaurant-Evenement-Saint-Gilles-Les-Bains-Ile-La-Reunion-La-Parenthese.jpg","contentUrl":"https:\/\/www.latitude21.re\/wp-content\/uploads\/2022\/05\/Restaurant-Evenement-Saint-Gilles-Les-Bains-Ile-La-Reunion-La-Parenthese.jpg","width":1200,"height":675,"caption":"Restaurant-Event-Saint-Gilles-Les-Bains-Reunion-Island-La-Parenthese"},{"@type":"BreadcrumbList","@id":"https:\/\/www.latitude21.re\/en\/restaurant-copy#breadcrumb","itemListElement":[{"@type":"ListItem","position":1,"name":"Accueil","item":"https:\/\/www.latitude21.re\/en"},{"@type":"ListItem","position":2,"name":"restaurant copy"}]},{"@type":"WebSite","@id":"https:\/\/www.latitude21.re\/en#website","url":"https:\/\/www.latitude21.re\/en","name":"H\u00f4tel Latitude21","description":"H\u00f4tel Saint Gilles La R\u00e9union","publisher":{"@id":"https:\/\/www.latitude21.re\/en#organization"},"potentialAction":[{"@type":"SearchAction","target":{"@type":"EntryPoint","urlTemplate":"https:\/\/www.latitude21.re\/en?s={search_term_string}"},"query-input":{"@type":"PropertyValueSpecification","valueRequired":true,"valueName":"search_term_string"}}],"inLanguage":"en-US"},{"@type":"Organization","@id":"https:\/\/www.latitude21.re\/en#organization","name":"Latitude 21","url":"https:\/\/www.latitude21.re\/en","logo":{"@type":"ImageObject","inLanguage":"en-US","@id":"https:\/\/www.latitude21.re\/en#\/schema\/logo\/image\/","url":"https:\/\/www.latitude21.re\/wp-content\/uploads\/2022\/06\/Logo_Latitude-21.jpg","contentUrl":"https:\/\/www.latitude21.re\/wp-content\/uploads\/2022\/06\/Logo_Latitude-21.jpg","width":549,"height":281,"caption":"Latitude 21"},"image":{"@id":"https:\/\/www.latitude21.re\/en#\/schema\/logo\/image\/"},"sameAs":["https:\/\/www.facebook.com\/HotelLatitude21","https:\/\/www.instagram.com\/hotel.latitude21\/"]}]}},"_links":{"self":[{"href":"https:\/\/www.latitude21.re\/en\/wp-json\/wp\/v2\/pages\/921","targetHints":{"allow":["GET"]}}],"collection":[{"href":"https:\/\/www.latitude21.re\/en\/wp-json\/wp\/v2\/pages"}],"about":[{"href":"https:\/\/www.latitude21.re\/en\/wp-json\/wp\/v2\/types\/page"}],"author":[{"embeddable":true,"href":"https:\/\/www.latitude21.re\/en\/wp-json\/wp\/v2\/users\/1"}],"replies":[{"embeddable":true,"href":"https:\/\/www.latitude21.re\/en\/wp-json\/wp\/v2\/comments?post=921"}],"version-history":[{"count":0,"href":"https:\/\/www.latitude21.re\/en\/wp-json\/wp\/v2\/pages\/921\/revisions"}],"wp:featuredmedia":[{"embeddable":true,"href":"https:\/\/www.latitude21.re\/en\/wp-json\/wp\/v2\/media\/839"}],"wp:attachment":[{"href":"https:\/\/www.latitude21.re\/en\/wp-json\/wp\/v2\/media?parent=921"}],"curies":[{"name":"wp","href":"https:\/\/api.w.org\/{rel}","templated":true}]}}