{"id":922,"date":"2022-06-01T11:50:41","date_gmt":"2022-06-01T09:50:41","guid":{"rendered":"https:\/\/www.latitude21.re\/news\/"},"modified":"2025-04-17T11:22:31","modified_gmt":"2025-04-17T09:22:31","slug":"what-to-do-saint-gilles","status":"publish","type":"page","link":"https:\/\/www.latitude21.re\/en\/what-to-do-saint-gilles","title":{"rendered":"News"},"content":{"rendered":"","protected":false},"excerpt":{"rendered":"","protected":false},"author":1,"featured_media":1414,"parent":0,"menu_order":0,"comment_status":"closed","ping_status":"closed","template":"template-parts\/tpl-actus.php","meta":{"_acf_changed":false,"inline_featured_image":false,"_EventAllDay":false,"_EventTimezone":"","_EventStartDate":"","_EventEndDate":"","_EventStartDateUTC":"","_EventEndDateUTC":"","_EventShowMap":false,"_EventShowMapLink":false,"_EventURL":"","_EventCost":"","_EventCostDescription":"","_EventCurrencySymbol":"","_EventCurrencyCode":"","_EventCurrencyPosition":"","_EventDateTimeSeparator":"","_EventTimeRangeSeparator":"","_EventOrganizerID":[],"_EventVenueID":[],"_OrganizerEmail":"","_OrganizerPhone":"","_OrganizerWebsite":"","_VenueAddress":"","_VenueCity":"","_VenueCountry":"","_VenueProvince":"","_VenueState":"","_VenueZip":"","_VenuePhone":"","_VenueURL":"","_VenueStateProvince":"","_VenueLat":"","_VenueLng":"","_VenueShowMap":false,"_VenueShowMapLink":false,"footnotes":""},"class_list":["post-922","page","type-page","status-publish","has-post-thumbnail","hentry"],"acf":[],"yoast_head":"<!-- This site is optimized with the Yoast SEO plugin v26.8 - https:\/\/yoast.com\/product\/yoast-seo-wordpress\/ -->\n<title>What to do in Saint-Gilles | News from the Latitude 21 hotel<\/title>\n<meta name=\"description\" content=\"Activities, events not to be missed and news in Reunion: discover all the news from Latitude 21. What to do in Saint-Gilles?\" \/>\n<meta name=\"robots\" content=\"index, follow, max-snippet:-1, max-image-preview:large, max-video-preview:-1\" \/>\n<link rel=\"canonical\" href=\"https:\/\/www.latitude21.re\/en\/what-to-do-saint-gilles\" \/>\n<meta property=\"og:locale\" content=\"en_US\" \/>\n<meta property=\"og:type\" content=\"article\" \/>\n<meta property=\"og:title\" content=\"What to do in Saint-Gilles | News from the Latitude 21 hotel\" \/>\n<meta property=\"og:description\" content=\"Activities, events not to be missed and news in Reunion: discover all the news from Latitude 21. What to do in Saint-Gilles?\" \/>\n<meta property=\"og:url\" content=\"https:\/\/www.latitude21.re\/en\/what-to-do-saint-gilles\" \/>\n<meta property=\"og:site_name\" content=\"H\u00f4tel Latitude21\" \/>\n<meta property=\"article:publisher\" content=\"https:\/\/www.facebook.com\/HotelLatitude21\" \/>\n<meta property=\"article:modified_time\" content=\"2025-04-17T09:22:31+00:00\" \/>\n<meta property=\"og:image\" content=\"https:\/\/www.latitude21.re\/wp-content\/uploads\/2022\/12\/bd-DSC_0004-4.jpg\" \/>\n\t<meta property=\"og:image:width\" content=\"1000\" \/>\n\t<meta property=\"og:image:height\" content=\"1500\" \/>\n\t<meta property=\"og:image:type\" content=\"image\/jpeg\" \/>\n<meta name=\"twitter:card\" content=\"summary_large_image\" \/>\n<!-- \/ Yoast SEO plugin. -->","yoast_head_json":{"title":"What to do in Saint-Gilles | News from the Latitude 21 hotel","description":"Activities, events not to be missed and news in Reunion: discover all the news from Latitude 21. What to do in Saint-Gilles?","robots":{"index":"index","follow":"follow","max-snippet":"max-snippet:-1","max-image-preview":"max-image-preview:large","max-video-preview":"max-video-preview:-1"},"canonical":"https:\/\/www.latitude21.re\/en\/what-to-do-saint-gilles","og_locale":"en_US","og_type":"article","og_title":"What to do in Saint-Gilles | News from the Latitude 21 hotel","og_description":"Activities, events not to be missed and news in Reunion: discover all the news from Latitude 21. What to do in Saint-Gilles?","og_url":"https:\/\/www.latitude21.re\/en\/what-to-do-saint-gilles","og_site_name":"H\u00f4tel Latitude21","article_publisher":"https:\/\/www.facebook.com\/HotelLatitude21","article_modified_time":"2025-04-17T09:22:31+00:00","og_image":[{"width":1000,"height":1500,"url":"https:\/\/www.latitude21.re\/wp-content\/uploads\/2022\/12\/bd-DSC_0004-4.jpg","type":"image\/jpeg"}],"twitter_card":"summary_large_image","schema":{"@context":"https:\/\/schema.org","@graph":[{"@type":"WebPage","@id":"https:\/\/www.latitude21.re\/en\/what-to-do-saint-gilles","url":"https:\/\/www.latitude21.re\/en\/what-to-do-saint-gilles","name":"What to do in Saint-Gilles | News from the Latitude 21 hotel","isPartOf":{"@id":"https:\/\/www.latitude21.re\/en#website"},"primaryImageOfPage":{"@id":"https:\/\/www.latitude21.re\/en\/what-to-do-saint-gilles#primaryimage"},"image":{"@id":"https:\/\/www.latitude21.re\/en\/what-to-do-saint-gilles#primaryimage"},"thumbnailUrl":"https:\/\/www.latitude21.re\/wp-content\/uploads\/2022\/12\/bd-DSC_0004-4.jpg","datePublished":"2022-06-01T09:50:41+00:00","dateModified":"2025-04-17T09:22:31+00:00","description":"Activities, events not to be missed and news in Reunion: discover all the news from Latitude 21. What to do in Saint-Gilles?","breadcrumb":{"@id":"https:\/\/www.latitude21.re\/en\/what-to-do-saint-gilles#breadcrumb"},"inLanguage":"en-US","potentialAction":[{"@type":"ReadAction","target":["https:\/\/www.latitude21.re\/en\/what-to-do-saint-gilles"]}]},{"@type":"ImageObject","inLanguage":"en-US","@id":"https:\/\/www.latitude21.re\/en\/what-to-do-saint-gilles#primaryimage","url":"https:\/\/www.latitude21.re\/wp-content\/uploads\/2022\/12\/bd-DSC_0004-4.jpg","contentUrl":"https:\/\/www.latitude21.re\/wp-content\/uploads\/2022\/12\/bd-DSC_0004-4.jpg","width":1000,"height":1500},{"@type":"BreadcrumbList","@id":"https:\/\/www.latitude21.re\/en\/what-to-do-saint-gilles#breadcrumb","itemListElement":[{"@type":"ListItem","position":1,"name":"Accueil","item":"https:\/\/www.latitude21.re\/en"},{"@type":"ListItem","position":2,"name":"News"}]},{"@type":"WebSite","@id":"https:\/\/www.latitude21.re\/en#website","url":"https:\/\/www.latitude21.re\/en","name":"H\u00f4tel Latitude21","description":"H\u00f4tel Saint Gilles La R\u00e9union","publisher":{"@id":"https:\/\/www.latitude21.re\/en#organization"},"potentialAction":[{"@type":"SearchAction","target":{"@type":"EntryPoint","urlTemplate":"https:\/\/www.latitude21.re\/en?s={search_term_string}"},"query-input":{"@type":"PropertyValueSpecification","valueRequired":true,"valueName":"search_term_string"}}],"inLanguage":"en-US"},{"@type":"Organization","@id":"https:\/\/www.latitude21.re\/en#organization","name":"Latitude 21","url":"https:\/\/www.latitude21.re\/en","logo":{"@type":"ImageObject","inLanguage":"en-US","@id":"https:\/\/www.latitude21.re\/en#\/schema\/logo\/image\/","url":"https:\/\/www.latitude21.re\/wp-content\/uploads\/2022\/06\/Logo_Latitude-21.jpg","contentUrl":"https:\/\/www.latitude21.re\/wp-content\/uploads\/2022\/06\/Logo_Latitude-21.jpg","width":549,"height":281,"caption":"Latitude 21"},"image":{"@id":"https:\/\/www.latitude21.re\/en#\/schema\/logo\/image\/"},"sameAs":["https:\/\/www.facebook.com\/HotelLatitude21","https:\/\/www.instagram.com\/hotel.latitude21\/"]}]}},"_links":{"self":[{"href":"https:\/\/www.latitude21.re\/en\/wp-json\/wp\/v2\/pages\/922","targetHints":{"allow":["GET"]}}],"collection":[{"href":"https:\/\/www.latitude21.re\/en\/wp-json\/wp\/v2\/pages"}],"about":[{"href":"https:\/\/www.latitude21.re\/en\/wp-json\/wp\/v2\/types\/page"}],"author":[{"embeddable":true,"href":"https:\/\/www.latitude21.re\/en\/wp-json\/wp\/v2\/users\/1"}],"replies":[{"embeddable":true,"href":"https:\/\/www.latitude21.re\/en\/wp-json\/wp\/v2\/comments?post=922"}],"version-history":[{"count":1,"href":"https:\/\/www.latitude21.re\/en\/wp-json\/wp\/v2\/pages\/922\/revisions"}],"predecessor-version":[{"id":1491,"href":"https:\/\/www.latitude21.re\/en\/wp-json\/wp\/v2\/pages\/922\/revisions\/1491"}],"wp:featuredmedia":[{"embeddable":true,"href":"https:\/\/www.latitude21.re\/en\/wp-json\/wp\/v2\/media\/1414"}],"wp:attachment":[{"href":"https:\/\/www.latitude21.re\/en\/wp-json\/wp\/v2\/media?parent=922"}],"curies":[{"name":"wp","href":"https:\/\/api.w.org\/{rel}","templated":true}]}}