{"id":927,"date":"2022-06-01T11:50:42","date_gmt":"2022-06-01T09:50:42","guid":{"rendered":"https:\/\/www.latitude21.re\/gtc\/"},"modified":"2026-04-13T14:03:01","modified_gmt":"2026-04-13T12:03:01","slug":"terms-of-sales","status":"publish","type":"page","link":"https:\/\/www.latitude21.re\/en\/terms-of-sales","title":{"rendered":"Terms of Sales"},"content":{"rendered":"","protected":false},"excerpt":{"rendered":"","protected":false},"author":1,"featured_media":0,"parent":0,"menu_order":0,"comment_status":"closed","ping_status":"closed","template":"","meta":{"_acf_changed":false,"inline_featured_image":false,"_EventAllDay":false,"_EventTimezone":"","_EventStartDate":"","_EventEndDate":"","_EventStartDateUTC":"","_EventEndDateUTC":"","_EventShowMap":false,"_EventShowMapLink":false,"_EventURL":"","_EventCost":"","_EventCostDescription":"","_EventCurrencySymbol":"","_EventCurrencyCode":"","_EventCurrencyPosition":"","_EventDateTimeSeparator":"","_EventTimeRangeSeparator":"","_EventOrganizerID":[],"_EventVenueID":[],"_OrganizerEmail":"","_OrganizerPhone":"","_OrganizerWebsite":"","_VenueAddress":"","_VenueCity":"","_VenueCountry":"","_VenueProvince":"","_VenueState":"","_VenueZip":"","_VenuePhone":"","_VenueURL":"","_VenueStateProvince":"","_VenueLat":"","_VenueLng":"","_VenueShowMap":false,"_VenueShowMapLink":false,"footnotes":""},"class_list":["post-927","page","type-page","status-publish","hentry"],"acf":[],"yoast_head":"<!-- This site is optimized with the Yoast SEO plugin v26.8 - https:\/\/yoast.com\/product\/yoast-seo-wordpress\/ -->\n<title>General Conditions of Sale - H\u00f4tel Latitude21<\/title>\n<meta name=\"description\" content=\"Carefully read our General Terms and Conditions of Sale (GTC) and discover the rates for our rooms according to the seasons.\" \/>\n<meta name=\"robots\" content=\"index, follow, max-snippet:-1, max-image-preview:large, max-video-preview:-1\" \/>\n<link rel=\"canonical\" href=\"https:\/\/www.latitude21.re\/en\/terms-of-sales\" \/>\n<meta property=\"og:locale\" content=\"en_US\" \/>\n<meta property=\"og:type\" content=\"article\" \/>\n<meta property=\"og:title\" content=\"General Conditions of Sale - H\u00f4tel Latitude21\" \/>\n<meta property=\"og:description\" content=\"Carefully read our General Terms and Conditions of Sale (GTC) and discover the rates for our rooms according to the seasons.\" \/>\n<meta property=\"og:url\" content=\"https:\/\/www.latitude21.re\/en\/terms-of-sales\" \/>\n<meta property=\"og:site_name\" content=\"H\u00f4tel Latitude21\" \/>\n<meta property=\"article:publisher\" content=\"https:\/\/www.facebook.com\/HotelLatitude21\" \/>\n<meta property=\"article:modified_time\" content=\"2026-04-13T12:03:01+00:00\" \/>\n<meta name=\"twitter:card\" content=\"summary_large_image\" \/>\n<!-- \/ Yoast SEO plugin. -->","yoast_head_json":{"title":"General Conditions of Sale - H\u00f4tel Latitude21","description":"Carefully read our General Terms and Conditions of Sale (GTC) and discover the rates for our rooms according to the seasons.","robots":{"index":"index","follow":"follow","max-snippet":"max-snippet:-1","max-image-preview":"max-image-preview:large","max-video-preview":"max-video-preview:-1"},"canonical":"https:\/\/www.latitude21.re\/en\/terms-of-sales","og_locale":"en_US","og_type":"article","og_title":"General Conditions of Sale - H\u00f4tel Latitude21","og_description":"Carefully read our General Terms and Conditions of Sale (GTC) and discover the rates for our rooms according to the seasons.","og_url":"https:\/\/www.latitude21.re\/en\/terms-of-sales","og_site_name":"H\u00f4tel Latitude21","article_publisher":"https:\/\/www.facebook.com\/HotelLatitude21","article_modified_time":"2026-04-13T12:03:01+00:00","twitter_card":"summary_large_image","schema":{"@context":"https:\/\/schema.org","@graph":[{"@type":"WebPage","@id":"https:\/\/www.latitude21.re\/en\/terms-of-sales","url":"https:\/\/www.latitude21.re\/en\/terms-of-sales","name":"General Conditions of Sale - H\u00f4tel Latitude21","isPartOf":{"@id":"https:\/\/www.latitude21.re\/en#website"},"datePublished":"2022-06-01T09:50:42+00:00","dateModified":"2026-04-13T12:03:01+00:00","description":"Carefully read our General Terms and Conditions of Sale (GTC) and discover the rates for our rooms according to the seasons.","breadcrumb":{"@id":"https:\/\/www.latitude21.re\/en\/terms-of-sales#breadcrumb"},"inLanguage":"en-US","potentialAction":[{"@type":"ReadAction","target":["https:\/\/www.latitude21.re\/en\/terms-of-sales"]}]},{"@type":"BreadcrumbList","@id":"https:\/\/www.latitude21.re\/en\/terms-of-sales#breadcrumb","itemListElement":[{"@type":"ListItem","position":1,"name":"Accueil","item":"https:\/\/www.latitude21.re\/en"},{"@type":"ListItem","position":2,"name":"Terms of Sales"}]},{"@type":"WebSite","@id":"https:\/\/www.latitude21.re\/en#website","url":"https:\/\/www.latitude21.re\/en","name":"H\u00f4tel Latitude21","description":"H\u00f4tel Saint Gilles La R\u00e9union","publisher":{"@id":"https:\/\/www.latitude21.re\/en#organization"},"potentialAction":[{"@type":"SearchAction","target":{"@type":"EntryPoint","urlTemplate":"https:\/\/www.latitude21.re\/en?s={search_term_string}"},"query-input":{"@type":"PropertyValueSpecification","valueRequired":true,"valueName":"search_term_string"}}],"inLanguage":"en-US"},{"@type":"Organization","@id":"https:\/\/www.latitude21.re\/en#organization","name":"Latitude 21","url":"https:\/\/www.latitude21.re\/en","logo":{"@type":"ImageObject","inLanguage":"en-US","@id":"https:\/\/www.latitude21.re\/en#\/schema\/logo\/image\/","url":"https:\/\/www.latitude21.re\/wp-content\/uploads\/2022\/06\/Logo_Latitude-21.jpg","contentUrl":"https:\/\/www.latitude21.re\/wp-content\/uploads\/2022\/06\/Logo_Latitude-21.jpg","width":549,"height":281,"caption":"Latitude 21"},"image":{"@id":"https:\/\/www.latitude21.re\/en#\/schema\/logo\/image\/"},"sameAs":["https:\/\/www.facebook.com\/HotelLatitude21","https:\/\/www.instagram.com\/hotel.latitude21\/"]}]}},"_links":{"self":[{"href":"https:\/\/www.latitude21.re\/en\/wp-json\/wp\/v2\/pages\/927","targetHints":{"allow":["GET"]}}],"collection":[{"href":"https:\/\/www.latitude21.re\/en\/wp-json\/wp\/v2\/pages"}],"about":[{"href":"https:\/\/www.latitude21.re\/en\/wp-json\/wp\/v2\/types\/page"}],"author":[{"embeddable":true,"href":"https:\/\/www.latitude21.re\/en\/wp-json\/wp\/v2\/users\/1"}],"replies":[{"embeddable":true,"href":"https:\/\/www.latitude21.re\/en\/wp-json\/wp\/v2\/comments?post=927"}],"version-history":[{"count":2,"href":"https:\/\/www.latitude21.re\/en\/wp-json\/wp\/v2\/pages\/927\/revisions"}],"predecessor-version":[{"id":5991,"href":"https:\/\/www.latitude21.re\/en\/wp-json\/wp\/v2\/pages\/927\/revisions\/5991"}],"wp:attachment":[{"href":"https:\/\/www.latitude21.re\/en\/wp-json\/wp\/v2\/media?parent=927"}],"curies":[{"name":"wp","href":"https:\/\/api.w.org\/{rel}","templated":true}]}}