{"id":931,"date":"2022-06-01T11:54:00","date_gmt":"2022-06-01T09:54:00","guid":{"rendered":"https:\/\/www.latitude21.re\/bedrooms\/"},"modified":"2026-04-13T14:02:23","modified_gmt":"2026-04-13T12:02:23","slug":"air-conditioned-room-saint-gilles-les-bains","status":"publish","type":"page","link":"https:\/\/www.latitude21.re\/en\/air-conditioned-room-saint-gilles-les-bains","title":{"rendered":"Bedrooms"},"content":{"rendered":"<p><img decoding=\"async\" class=\"alignnone size-medium wp-image-1321\" src=\"https:\/\/www.latitude21.re\/wp-content\/uploads\/2022\/02\/bd-DSC_9629-52-1-300x200.jpg\" alt=\"\" width=\"300\" height=\"200\" srcset=\"https:\/\/www.latitude21.re\/wp-content\/uploads\/2022\/02\/bd-DSC_9629-52-1-300x200.jpg 300w, https:\/\/www.latitude21.re\/wp-content\/uploads\/2022\/02\/bd-DSC_9629-52-1-1024x683.jpg 1024w, https:\/\/www.latitude21.re\/wp-content\/uploads\/2022\/02\/bd-DSC_9629-52-1-768x512.jpg 768w, https:\/\/www.latitude21.re\/wp-content\/uploads\/2022\/02\/bd-DSC_9629-52-1-1536x1024.jpg 1536w, https:\/\/www.latitude21.re\/wp-content\/uploads\/2022\/02\/bd-DSC_9629-52-1-2048x1365.jpg 2048w, https:\/\/www.latitude21.re\/wp-content\/uploads\/2022\/02\/bd-DSC_9629-52-1-1200x800.jpg 1200w\" sizes=\"(max-width: 300px) 100vw, 300px\" \/><img decoding=\"async\" class=\"alignnone size-medium wp-image-1323\" src=\"https:\/\/www.latitude21.re\/wp-content\/uploads\/2022\/02\/bd-DSC_9629-56-300x200.jpg\" alt=\"\" width=\"300\" height=\"200\" srcset=\"https:\/\/www.latitude21.re\/wp-content\/uploads\/2022\/02\/bd-DSC_9629-56-300x200.jpg 300w, https:\/\/www.latitude21.re\/wp-content\/uploads\/2022\/02\/bd-DSC_9629-56-1024x683.jpg 1024w, https:\/\/www.latitude21.re\/wp-content\/uploads\/2022\/02\/bd-DSC_9629-56-768x512.jpg 768w, https:\/\/www.latitude21.re\/wp-content\/uploads\/2022\/02\/bd-DSC_9629-56-1536x1024.jpg 1536w, https:\/\/www.latitude21.re\/wp-content\/uploads\/2022\/02\/bd-DSC_9629-56-2048x1365.jpg 2048w, https:\/\/www.latitude21.re\/wp-content\/uploads\/2022\/02\/bd-DSC_9629-56-1200x800.jpg 1200w\" sizes=\"(max-width: 300px) 100vw, 300px\" \/><\/p>\n","protected":false},"excerpt":{"rendered":"","protected":false},"author":1,"featured_media":0,"parent":0,"menu_order":0,"comment_status":"closed","ping_status":"closed","template":"template-parts\/tpl-chambres.php","meta":{"_acf_changed":false,"inline_featured_image":false,"_EventAllDay":false,"_EventTimezone":"","_EventStartDate":"","_EventEndDate":"","_EventStartDateUTC":"","_EventEndDateUTC":"","_EventShowMap":false,"_EventShowMapLink":false,"_EventURL":"","_EventCost":"","_EventCostDescription":"","_EventCurrencySymbol":"","_EventCurrencyCode":"","_EventCurrencyPosition":"","_EventDateTimeSeparator":"","_EventTimeRangeSeparator":"","_EventOrganizerID":[],"_EventVenueID":[],"_OrganizerEmail":"","_OrganizerPhone":"","_OrganizerWebsite":"","_VenueAddress":"","_VenueCity":"","_VenueCountry":"","_VenueProvince":"","_VenueState":"","_VenueZip":"","_VenuePhone":"","_VenueURL":"","_VenueStateProvince":"","_VenueLat":"","_VenueLng":"","_VenueShowMap":false,"_VenueShowMapLink":false,"footnotes":""},"class_list":["post-931","page","type-page","status-publish","hentry"],"acf":[],"yoast_head":"<!-- This site is optimized with the Yoast SEO plugin v26.8 - https:\/\/yoast.com\/product\/yoast-seo-wordpress\/ -->\n<title>Air-conditioned room in Saint-Gilles-les-Bains - R\u00e9union<\/title>\n<meta name=\"description\" content=\"Add a touch of freshness to your stay on Reunion Island by choosing an air-conditioned room. See you at Latitude 21!\" \/>\n<meta name=\"robots\" content=\"index, follow, max-snippet:-1, max-image-preview:large, max-video-preview:-1\" \/>\n<link rel=\"canonical\" href=\"https:\/\/www.latitude21.re\/en\/air-conditioned-room-saint-gilles-les-bains\" \/>\n<meta property=\"og:locale\" content=\"en_US\" \/>\n<meta property=\"og:type\" content=\"article\" \/>\n<meta property=\"og:title\" content=\"Air-conditioned room in Saint-Gilles-les-Bains - R\u00e9union\" \/>\n<meta property=\"og:description\" content=\"Add a touch of freshness to your stay on Reunion Island by choosing an air-conditioned room. See you at Latitude 21!\" \/>\n<meta property=\"og:url\" content=\"https:\/\/www.latitude21.re\/en\/air-conditioned-room-saint-gilles-les-bains\" \/>\n<meta property=\"og:site_name\" content=\"H\u00f4tel Latitude21\" \/>\n<meta property=\"article:publisher\" content=\"https:\/\/www.facebook.com\/HotelLatitude21\" \/>\n<meta property=\"article:modified_time\" content=\"2026-04-13T12:02:23+00:00\" \/>\n<meta property=\"og:image\" content=\"https:\/\/www.latitude21.re\/wp-content\/uploads\/2022\/02\/bd-DSC_9629-52-1.jpg\" \/>\n\t<meta property=\"og:image:width\" content=\"2250\" \/>\n\t<meta property=\"og:image:height\" content=\"1500\" \/>\n\t<meta property=\"og:image:type\" content=\"image\/jpeg\" \/>\n<meta name=\"twitter:card\" content=\"summary_large_image\" \/>\n<!-- \/ Yoast SEO plugin. -->","yoast_head_json":{"title":"Air-conditioned room in Saint-Gilles-les-Bains - R\u00e9union","description":"Add a touch of freshness to your stay on Reunion Island by choosing an air-conditioned room. See you at Latitude 21!","robots":{"index":"index","follow":"follow","max-snippet":"max-snippet:-1","max-image-preview":"max-image-preview:large","max-video-preview":"max-video-preview:-1"},"canonical":"https:\/\/www.latitude21.re\/en\/air-conditioned-room-saint-gilles-les-bains","og_locale":"en_US","og_type":"article","og_title":"Air-conditioned room in Saint-Gilles-les-Bains - R\u00e9union","og_description":"Add a touch of freshness to your stay on Reunion Island by choosing an air-conditioned room. See you at Latitude 21!","og_url":"https:\/\/www.latitude21.re\/en\/air-conditioned-room-saint-gilles-les-bains","og_site_name":"H\u00f4tel Latitude21","article_publisher":"https:\/\/www.facebook.com\/HotelLatitude21","article_modified_time":"2026-04-13T12:02:23+00:00","og_image":[{"width":2250,"height":1500,"url":"https:\/\/www.latitude21.re\/wp-content\/uploads\/2022\/02\/bd-DSC_9629-52-1.jpg","type":"image\/jpeg"}],"twitter_card":"summary_large_image","schema":{"@context":"https:\/\/schema.org","@graph":[{"@type":"WebPage","@id":"https:\/\/www.latitude21.re\/en\/air-conditioned-room-saint-gilles-les-bains","url":"https:\/\/www.latitude21.re\/en\/air-conditioned-room-saint-gilles-les-bains","name":"Air-conditioned room in Saint-Gilles-les-Bains - R\u00e9union","isPartOf":{"@id":"https:\/\/www.latitude21.re\/en#website"},"primaryImageOfPage":{"@id":"https:\/\/www.latitude21.re\/en\/air-conditioned-room-saint-gilles-les-bains#primaryimage"},"image":{"@id":"https:\/\/www.latitude21.re\/en\/air-conditioned-room-saint-gilles-les-bains#primaryimage"},"thumbnailUrl":"https:\/\/www.latitude21.re\/wp-content\/uploads\/2022\/02\/bd-DSC_9629-52-1-300x200.jpg","datePublished":"2022-06-01T09:54:00+00:00","dateModified":"2026-04-13T12:02:23+00:00","description":"Add a touch of freshness to your stay on Reunion Island by choosing an air-conditioned room. See you at Latitude 21!","breadcrumb":{"@id":"https:\/\/www.latitude21.re\/en\/air-conditioned-room-saint-gilles-les-bains#breadcrumb"},"inLanguage":"en-US","potentialAction":[{"@type":"ReadAction","target":["https:\/\/www.latitude21.re\/en\/air-conditioned-room-saint-gilles-les-bains"]}]},{"@type":"ImageObject","inLanguage":"en-US","@id":"https:\/\/www.latitude21.re\/en\/air-conditioned-room-saint-gilles-les-bains#primaryimage","url":"https:\/\/www.latitude21.re\/wp-content\/uploads\/2022\/02\/bd-DSC_9629-52-1-300x200.jpg","contentUrl":"https:\/\/www.latitude21.re\/wp-content\/uploads\/2022\/02\/bd-DSC_9629-52-1-300x200.jpg"},{"@type":"BreadcrumbList","@id":"https:\/\/www.latitude21.re\/en\/air-conditioned-room-saint-gilles-les-bains#breadcrumb","itemListElement":[{"@type":"ListItem","position":1,"name":"Accueil","item":"https:\/\/www.latitude21.re\/en"},{"@type":"ListItem","position":2,"name":"Bedrooms"}]},{"@type":"WebSite","@id":"https:\/\/www.latitude21.re\/en#website","url":"https:\/\/www.latitude21.re\/en","name":"H\u00f4tel Latitude21","description":"H\u00f4tel Saint Gilles La R\u00e9union","publisher":{"@id":"https:\/\/www.latitude21.re\/en#organization"},"potentialAction":[{"@type":"SearchAction","target":{"@type":"EntryPoint","urlTemplate":"https:\/\/www.latitude21.re\/en?s={search_term_string}"},"query-input":{"@type":"PropertyValueSpecification","valueRequired":true,"valueName":"search_term_string"}}],"inLanguage":"en-US"},{"@type":"Organization","@id":"https:\/\/www.latitude21.re\/en#organization","name":"Latitude 21","url":"https:\/\/www.latitude21.re\/en","logo":{"@type":"ImageObject","inLanguage":"en-US","@id":"https:\/\/www.latitude21.re\/en#\/schema\/logo\/image\/","url":"https:\/\/www.latitude21.re\/wp-content\/uploads\/2022\/06\/Logo_Latitude-21.jpg","contentUrl":"https:\/\/www.latitude21.re\/wp-content\/uploads\/2022\/06\/Logo_Latitude-21.jpg","width":549,"height":281,"caption":"Latitude 21"},"image":{"@id":"https:\/\/www.latitude21.re\/en#\/schema\/logo\/image\/"},"sameAs":["https:\/\/www.facebook.com\/HotelLatitude21","https:\/\/www.instagram.com\/hotel.latitude21\/"]}]}},"_links":{"self":[{"href":"https:\/\/www.latitude21.re\/en\/wp-json\/wp\/v2\/pages\/931","targetHints":{"allow":["GET"]}}],"collection":[{"href":"https:\/\/www.latitude21.re\/en\/wp-json\/wp\/v2\/pages"}],"about":[{"href":"https:\/\/www.latitude21.re\/en\/wp-json\/wp\/v2\/types\/page"}],"author":[{"embeddable":true,"href":"https:\/\/www.latitude21.re\/en\/wp-json\/wp\/v2\/users\/1"}],"replies":[{"embeddable":true,"href":"https:\/\/www.latitude21.re\/en\/wp-json\/wp\/v2\/comments?post=931"}],"version-history":[{"count":2,"href":"https:\/\/www.latitude21.re\/en\/wp-json\/wp\/v2\/pages\/931\/revisions"}],"predecessor-version":[{"id":1849,"href":"https:\/\/www.latitude21.re\/en\/wp-json\/wp\/v2\/pages\/931\/revisions\/1849"}],"wp:attachment":[{"href":"https:\/\/www.latitude21.re\/en\/wp-json\/wp\/v2\/media?parent=931"}],"curies":[{"name":"wp","href":"https:\/\/api.w.org\/{rel}","templated":true}]}}