{"id":932,"date":"2022-06-01T11:54:00","date_gmt":"2022-06-01T09:54:00","guid":{"rendered":"https:\/\/www.latitude21.re\/acces-contact\/"},"modified":"2025-04-17T11:22:27","modified_gmt":"2025-04-17T09:22:27","slug":"contact-hotel-saint-gilles-reunion","status":"publish","type":"page","link":"https:\/\/www.latitude21.re\/en\/contact-hotel-saint-gilles-reunion","title":{"rendered":"Access\/Contact"},"content":{"rendered":"&#13;\n<p>It&#8217;s a page with basic contact information, like address and phone number. You can also try a plugin to add a contact form.<\/p>&#13;\n","protected":false},"excerpt":{"rendered":"<p>&#13; It&#8217;s a page with basic contact information, like address and phone number. You can also try a plugin to add a contact form. &#13;<\/p>\n","protected":false},"author":1,"featured_media":862,"parent":0,"menu_order":0,"comment_status":"closed","ping_status":"closed","template":"","meta":{"_acf_changed":false,"inline_featured_image":false,"_EventAllDay":false,"_EventTimezone":"","_EventStartDate":"","_EventEndDate":"","_EventStartDateUTC":"","_EventEndDateUTC":"","_EventShowMap":false,"_EventShowMapLink":false,"_EventURL":"","_EventCost":"","_EventCostDescription":"","_EventCurrencySymbol":"","_EventCurrencyCode":"","_EventCurrencyPosition":"","_EventDateTimeSeparator":"","_EventTimeRangeSeparator":"","_EventOrganizerID":[],"_EventVenueID":[],"_OrganizerEmail":"","_OrganizerPhone":"","_OrganizerWebsite":"","_VenueAddress":"","_VenueCity":"","_VenueCountry":"","_VenueProvince":"","_VenueState":"","_VenueZip":"","_VenuePhone":"","_VenueURL":"","_VenueStateProvince":"","_VenueLat":"","_VenueLng":"","_VenueShowMap":false,"_VenueShowMapLink":false,"footnotes":""},"class_list":["post-932","page","type-page","status-publish","has-post-thumbnail","hentry"],"acf":[],"yoast_head":"<!-- This site is optimized with the Yoast SEO plugin v26.8 - https:\/\/yoast.com\/product\/yoast-seo-wordpress\/ -->\n<title>Hotel Saint-Gilles Reunion | Contact Latitude 21<\/title>\n<meta name=\"description\" content=\"Do you have questions about activities and events at Latitude 21? Your hotel in Saint-Gilles in Reunion is at your disposal!\" \/>\n<meta name=\"robots\" content=\"index, follow, max-snippet:-1, max-image-preview:large, max-video-preview:-1\" \/>\n<link rel=\"canonical\" href=\"https:\/\/www.latitude21.re\/en\/contact-hotel-saint-gilles-reunion\" \/>\n<meta property=\"og:locale\" content=\"en_US\" \/>\n<meta property=\"og:type\" content=\"article\" \/>\n<meta property=\"og:title\" content=\"Hotel Saint-Gilles Reunion | Contact Latitude 21\" \/>\n<meta property=\"og:description\" content=\"Do you have questions about activities and events at Latitude 21? Your hotel in Saint-Gilles in Reunion is at your disposal!\" \/>\n<meta property=\"og:url\" content=\"https:\/\/www.latitude21.re\/en\/contact-hotel-saint-gilles-reunion\" \/>\n<meta property=\"og:site_name\" content=\"H\u00f4tel Latitude21\" \/>\n<meta property=\"article:publisher\" content=\"https:\/\/www.facebook.com\/HotelLatitude21\" \/>\n<meta property=\"article:modified_time\" content=\"2025-04-17T09:22:27+00:00\" \/>\n<meta property=\"og:image\" content=\"https:\/\/www.latitude21.re\/wp-content\/uploads\/2022\/05\/Organisation-evenement-seminaire-Latitude-21-Saint-Gilles-Les-Bains-Ile-La-Reunion.jpg\" \/>\n\t<meta property=\"og:image:width\" content=\"1200\" \/>\n\t<meta property=\"og:image:height\" content=\"800\" \/>\n\t<meta property=\"og:image:type\" content=\"image\/jpeg\" \/>\n<meta name=\"twitter:card\" content=\"summary_large_image\" \/>\n<!-- \/ Yoast SEO plugin. -->","yoast_head_json":{"title":"Hotel Saint-Gilles Reunion | Contact Latitude 21","description":"Do you have questions about activities and events at Latitude 21? Your hotel in Saint-Gilles in Reunion is at your disposal!","robots":{"index":"index","follow":"follow","max-snippet":"max-snippet:-1","max-image-preview":"max-image-preview:large","max-video-preview":"max-video-preview:-1"},"canonical":"https:\/\/www.latitude21.re\/en\/contact-hotel-saint-gilles-reunion","og_locale":"en_US","og_type":"article","og_title":"Hotel Saint-Gilles Reunion | Contact Latitude 21","og_description":"Do you have questions about activities and events at Latitude 21? Your hotel in Saint-Gilles in Reunion is at your disposal!","og_url":"https:\/\/www.latitude21.re\/en\/contact-hotel-saint-gilles-reunion","og_site_name":"H\u00f4tel Latitude21","article_publisher":"https:\/\/www.facebook.com\/HotelLatitude21","article_modified_time":"2025-04-17T09:22:27+00:00","og_image":[{"width":1200,"height":800,"url":"https:\/\/www.latitude21.re\/wp-content\/uploads\/2022\/05\/Organisation-evenement-seminaire-Latitude-21-Saint-Gilles-Les-Bains-Ile-La-Reunion.jpg","type":"image\/jpeg"}],"twitter_card":"summary_large_image","schema":{"@context":"https:\/\/schema.org","@graph":[{"@type":"WebPage","@id":"https:\/\/www.latitude21.re\/en\/contact-hotel-saint-gilles-reunion","url":"https:\/\/www.latitude21.re\/en\/contact-hotel-saint-gilles-reunion","name":"Hotel Saint-Gilles Reunion | Contact Latitude 21","isPartOf":{"@id":"https:\/\/www.latitude21.re\/en#website"},"primaryImageOfPage":{"@id":"https:\/\/www.latitude21.re\/en\/contact-hotel-saint-gilles-reunion#primaryimage"},"image":{"@id":"https:\/\/www.latitude21.re\/en\/contact-hotel-saint-gilles-reunion#primaryimage"},"thumbnailUrl":"https:\/\/www.latitude21.re\/wp-content\/uploads\/2022\/05\/Organisation-evenement-seminaire-Latitude-21-Saint-Gilles-Les-Bains-Ile-La-Reunion.jpg","datePublished":"2022-06-01T09:54:00+00:00","dateModified":"2025-04-17T09:22:27+00:00","description":"Do you have questions about activities and events at Latitude 21? Your hotel in Saint-Gilles in Reunion is at your disposal!","breadcrumb":{"@id":"https:\/\/www.latitude21.re\/en\/contact-hotel-saint-gilles-reunion#breadcrumb"},"inLanguage":"en-US","potentialAction":[{"@type":"ReadAction","target":["https:\/\/www.latitude21.re\/en\/contact-hotel-saint-gilles-reunion"]}]},{"@type":"ImageObject","inLanguage":"en-US","@id":"https:\/\/www.latitude21.re\/en\/contact-hotel-saint-gilles-reunion#primaryimage","url":"https:\/\/www.latitude21.re\/wp-content\/uploads\/2022\/05\/Organisation-evenement-seminaire-Latitude-21-Saint-Gilles-Les-Bains-Ile-La-Reunion.jpg","contentUrl":"https:\/\/www.latitude21.re\/wp-content\/uploads\/2022\/05\/Organisation-evenement-seminaire-Latitude-21-Saint-Gilles-Les-Bains-Ile-La-Reunion.jpg","width":1200,"height":800,"caption":"Organization-event-seminar-Latitude-21-Saint-Gilles-Les-Bains-Ile-La-Reunion"},{"@type":"BreadcrumbList","@id":"https:\/\/www.latitude21.re\/en\/contact-hotel-saint-gilles-reunion#breadcrumb","itemListElement":[{"@type":"ListItem","position":1,"name":"Accueil","item":"https:\/\/www.latitude21.re\/en"},{"@type":"ListItem","position":2,"name":"Access\/Contact"}]},{"@type":"WebSite","@id":"https:\/\/www.latitude21.re\/en#website","url":"https:\/\/www.latitude21.re\/en","name":"H\u00f4tel Latitude21","description":"H\u00f4tel Saint Gilles La R\u00e9union","publisher":{"@id":"https:\/\/www.latitude21.re\/en#organization"},"potentialAction":[{"@type":"SearchAction","target":{"@type":"EntryPoint","urlTemplate":"https:\/\/www.latitude21.re\/en?s={search_term_string}"},"query-input":{"@type":"PropertyValueSpecification","valueRequired":true,"valueName":"search_term_string"}}],"inLanguage":"en-US"},{"@type":"Organization","@id":"https:\/\/www.latitude21.re\/en#organization","name":"Latitude 21","url":"https:\/\/www.latitude21.re\/en","logo":{"@type":"ImageObject","inLanguage":"en-US","@id":"https:\/\/www.latitude21.re\/en#\/schema\/logo\/image\/","url":"https:\/\/www.latitude21.re\/wp-content\/uploads\/2022\/06\/Logo_Latitude-21.jpg","contentUrl":"https:\/\/www.latitude21.re\/wp-content\/uploads\/2022\/06\/Logo_Latitude-21.jpg","width":549,"height":281,"caption":"Latitude 21"},"image":{"@id":"https:\/\/www.latitude21.re\/en#\/schema\/logo\/image\/"},"sameAs":["https:\/\/www.facebook.com\/HotelLatitude21","https:\/\/www.instagram.com\/hotel.latitude21\/"]}]}},"_links":{"self":[{"href":"https:\/\/www.latitude21.re\/en\/wp-json\/wp\/v2\/pages\/932","targetHints":{"allow":["GET"]}}],"collection":[{"href":"https:\/\/www.latitude21.re\/en\/wp-json\/wp\/v2\/pages"}],"about":[{"href":"https:\/\/www.latitude21.re\/en\/wp-json\/wp\/v2\/types\/page"}],"author":[{"embeddable":true,"href":"https:\/\/www.latitude21.re\/en\/wp-json\/wp\/v2\/users\/1"}],"replies":[{"embeddable":true,"href":"https:\/\/www.latitude21.re\/en\/wp-json\/wp\/v2\/comments?post=932"}],"version-history":[{"count":1,"href":"https:\/\/www.latitude21.re\/en\/wp-json\/wp\/v2\/pages\/932\/revisions"}],"predecessor-version":[{"id":1143,"href":"https:\/\/www.latitude21.re\/en\/wp-json\/wp\/v2\/pages\/932\/revisions\/1143"}],"wp:featuredmedia":[{"embeddable":true,"href":"https:\/\/www.latitude21.re\/en\/wp-json\/wp\/v2\/media\/862"}],"wp:attachment":[{"href":"https:\/\/www.latitude21.re\/en\/wp-json\/wp\/v2\/media?parent=932"}],"curies":[{"name":"wp","href":"https:\/\/api.w.org\/{rel}","templated":true}]}}